{"id":978,"date":"2016-05-23T11:36:15","date_gmt":"2016-05-23T09:36:15","guid":{"rendered":"http:\/\/www.monteilauvicomte.fr\/?page_id=978"},"modified":"2016-05-23T11:37:36","modified_gmt":"2016-05-23T09:37:36","slug":"prochaines-echeances-electorales","status":"publish","type":"page","link":"https:\/\/www.monteilauvicomte.fr\/?page_id=978","title":{"rendered":"Prochaines \u00e9ch\u00e9ances electorales"},"content":{"rendered":"<p>Pr\u00e9sidentielles 23 avril et 7 mai 2017<\/p>\n<p>L\u00e9gislatives 11 et 18 juin 2017<\/p>\n<p>Les s\u00e9natoriales ne concerneront pas la Creuse.<\/p>\n","protected":false},"excerpt":{"rendered":"<p>Pr\u00e9sidentielles 23 avril et 7 mai 2017 L\u00e9gislatives 11 et 18 juin 2017 Les s\u00e9natoriales ne concerneront pas la Creuse.<\/p>\n","protected":false},"author":1,"featured_media":0,"parent":97,"menu_order":0,"comment_status":"closed","ping_status":"closed","template":"","meta":[],"_links":{"self":[{"href":"https:\/\/www.monteilauvicomte.fr\/index.php?rest_route=\/wp\/v2\/pages\/978"}],"collection":[{"href":"https:\/\/www.monteilauvicomte.fr\/index.php?rest_route=\/wp\/v2\/pages"}],"about":[{"href":"https:\/\/www.monteilauvicomte.fr\/index.php?rest_route=\/wp\/v2\/types\/page"}],"author":[{"embeddable":true,"href":"https:\/\/www.monteilauvicomte.fr\/index.php?rest_route=\/wp\/v2\/users\/1"}],"replies":[{"embeddable":true,"href":"https:\/\/www.monteilauvicomte.fr\/index.php?rest_route=%2Fwp%2Fv2%2Fcomments&post=978"}],"version-history":[{"count":1,"href":"https:\/\/www.monteilauvicomte.fr\/index.php?rest_route=\/wp\/v2\/pages\/978\/revisions"}],"predecessor-version":[{"id":979,"href":"https:\/\/www.monteilauvicomte.fr\/index.php?rest_route=\/wp\/v2\/pages\/978\/revisions\/979"}],"up":[{"embeddable":true,"href":"https:\/\/www.monteilauvicomte.fr\/index.php?rest_route=\/wp\/v2\/pages\/97"}],"wp:attachment":[{"href":"https:\/\/www.monteilauvicomte.fr\/index.php?rest_route=%2Fwp%2Fv2%2Fmedia&parent=978"}],"curies":[{"name":"wp","href":"https:\/\/api.w.org\/{rel}","templated":true}]}}