{"id":918,"date":"2016-04-15T18:34:03","date_gmt":"2016-04-15T16:34:03","guid":{"rendered":"http:\/\/www.monteilauvicomte.fr\/?page_id=918"},"modified":"2016-04-15T19:02:21","modified_gmt":"2016-04-15T17:02:21","slug":"vie-de-la-commune","status":"publish","type":"page","link":"https:\/\/www.monteilauvicomte.fr\/?page_id=918","title":{"rendered":"Vie de la commune"},"content":{"rendered":"<p><a href=\"http:\/\/www.monteilauvicomte.fr\/wp-content\/uploads\/2016\/04\/DELIBERATION-RENEGOCIATION-EMPRUNT-ASSAINISSEMENT-14-04-2015.pdf\">\u00a0Ren\u00e9gociation emprunt assainissement<\/a><\/p>\n<p><a href=\"http:\/\/www.monteilauvicomte.fr\/wp-content\/uploads\/2016\/04\/DELIBERATION-DIAGNOSTIC-EAU-POTABLE-SCHEMA-DIRECTEUR-23-09-2015.pdf\">Diagnostique eau potable sch\u00e9ma directeur<\/a><\/p>\n<p><a href=\"http:\/\/www.monteilauvicomte.fr\/wp-content\/uploads\/2016\/04\/DELIBERATION-DEVIS-POSE-DE-COMPTEURS-DE-PRODUCTION-ET-DE-SECTORISATION-AVEC-TELETRANSMISSION-12-11-2015.pdf\">Pose de compteur de sectorisation<\/a><\/p>\n<p><a href=\"http:\/\/www.monteilauvicomte.fr\/wp-content\/uploads\/2016\/04\/DELIBERATION-DEVIS-FOURNITURE-ET-POSE-DE-LA-CHLORATION-12-11-2015.pdf\">Fourniture chloration Ch\u00e2tain\u00a0<\/a><\/p>\n<p>&nbsp;<\/p>\n<p>&nbsp;<\/p>\n<p>&nbsp;<\/p>\n<p>&nbsp;<\/p>\n<p><a href=\"http:\/\/www.monteilauvicomte.fr\/?page_id=389&quot;\">Retour<\/a><\/p>\n","protected":false},"excerpt":{"rendered":"<p>\u00a0Ren\u00e9gociation emprunt assainissement Diagnostique eau potable sch\u00e9ma directeur Pose de compteur de sectorisation Fourniture chloration Ch\u00e2tain\u00a0 &nbsp; &nbsp; &nbsp; &nbsp; Retour<\/p>\n","protected":false},"author":1,"featured_media":0,"parent":389,"menu_order":2,"comment_status":"closed","ping_status":"closed","template":"","meta":[],"_links":{"self":[{"href":"https:\/\/www.monteilauvicomte.fr\/index.php?rest_route=\/wp\/v2\/pages\/918"}],"collection":[{"href":"https:\/\/www.monteilauvicomte.fr\/index.php?rest_route=\/wp\/v2\/pages"}],"about":[{"href":"https:\/\/www.monteilauvicomte.fr\/index.php?rest_route=\/wp\/v2\/types\/page"}],"author":[{"embeddable":true,"href":"https:\/\/www.monteilauvicomte.fr\/index.php?rest_route=\/wp\/v2\/users\/1"}],"replies":[{"embeddable":true,"href":"https:\/\/www.monteilauvicomte.fr\/index.php?rest_route=%2Fwp%2Fv2%2Fcomments&post=918"}],"version-history":[{"count":6,"href":"https:\/\/www.monteilauvicomte.fr\/index.php?rest_route=\/wp\/v2\/pages\/918\/revisions"}],"predecessor-version":[{"id":943,"href":"https:\/\/www.monteilauvicomte.fr\/index.php?rest_route=\/wp\/v2\/pages\/918\/revisions\/943"}],"up":[{"embeddable":true,"href":"https:\/\/www.monteilauvicomte.fr\/index.php?rest_route=\/wp\/v2\/pages\/389"}],"wp:attachment":[{"href":"https:\/\/www.monteilauvicomte.fr\/index.php?rest_route=%2Fwp%2Fv2%2Fmedia&parent=918"}],"curies":[{"name":"wp","href":"https:\/\/api.w.org\/{rel}","templated":true}]}}