{"id":879,"date":"2016-04-15T17:21:25","date_gmt":"2016-04-15T15:21:25","guid":{"rendered":"http:\/\/www.monteilauvicomte.fr\/?page_id=879"},"modified":"2016-11-21T18:59:10","modified_gmt":"2016-11-21T16:59:10","slug":"naissance-2016","status":"publish","type":"page","link":"https:\/\/www.monteilauvicomte.fr\/?page_id=879","title":{"rendered":"2016"},"content":{"rendered":"<p>Saul, Milo AYOUN n\u00e9 le 21 f\u00e9vrier 2016 \u00e0 Gu\u00e9ret<\/p>\n<p>Bella Brundet, n\u00e9e le 7 mai 2016 \u00e0 Gueret<\/p>\n<p>&nbsp;<\/p>\n<p>&nbsp;<\/p>\n<p>&nbsp;<\/p>\n<p><a href=\"http:\/\/www.monteilauvicomte.fr\/?page_id=160\">Retour<\/a><\/p>\n","protected":false},"excerpt":{"rendered":"<p>Saul, Milo AYOUN n\u00e9 le 21 f\u00e9vrier 2016 \u00e0 Gu\u00e9ret Bella Brundet, n\u00e9e le 7 mai 2016 \u00e0 Gueret &nbsp; &nbsp; &nbsp; Retour<\/p>\n","protected":false},"author":1,"featured_media":0,"parent":160,"menu_order":3,"comment_status":"closed","ping_status":"closed","template":"","meta":[],"_links":{"self":[{"href":"https:\/\/www.monteilauvicomte.fr\/index.php?rest_route=\/wp\/v2\/pages\/879"}],"collection":[{"href":"https:\/\/www.monteilauvicomte.fr\/index.php?rest_route=\/wp\/v2\/pages"}],"about":[{"href":"https:\/\/www.monteilauvicomte.fr\/index.php?rest_route=\/wp\/v2\/types\/page"}],"author":[{"embeddable":true,"href":"https:\/\/www.monteilauvicomte.fr\/index.php?rest_route=\/wp\/v2\/users\/1"}],"replies":[{"embeddable":true,"href":"https:\/\/www.monteilauvicomte.fr\/index.php?rest_route=%2Fwp%2Fv2%2Fcomments&post=879"}],"version-history":[{"count":4,"href":"https:\/\/www.monteilauvicomte.fr\/index.php?rest_route=\/wp\/v2\/pages\/879\/revisions"}],"predecessor-version":[{"id":968,"href":"https:\/\/www.monteilauvicomte.fr\/index.php?rest_route=\/wp\/v2\/pages\/879\/revisions\/968"}],"up":[{"embeddable":true,"href":"https:\/\/www.monteilauvicomte.fr\/index.php?rest_route=\/wp\/v2\/pages\/160"}],"wp:attachment":[{"href":"https:\/\/www.monteilauvicomte.fr\/index.php?rest_route=%2Fwp%2Fv2%2Fmedia&parent=879"}],"curies":[{"name":"wp","href":"https:\/\/api.w.org\/{rel}","templated":true}]}}