{"id":877,"date":"2016-04-15T17:32:50","date_gmt":"2016-04-15T15:32:50","guid":{"rendered":"http:\/\/www.monteilauvicomte.fr\/?page_id=877"},"modified":"2016-11-21T18:54:42","modified_gmt":"2016-11-21T16:54:42","slug":"2016-2","status":"publish","type":"page","link":"https:\/\/www.monteilauvicomte.fr\/?page_id=877","title":{"rendered":"2016"},"content":{"rendered":"<p>Mme Ch\u00e9rifa BABOUCHE, veuve RICHARD, d\u00e9c\u00e9d\u00e9e le 5 janvier 2016 \u00e0 Ste FEYRE.<\/p>\n<p>M. Gustave BONAMOUR, d\u00e9c\u00e9d\u00e9 le 1er avril 2016 \u00e0 Ste FEYRE<\/p>\n<p>M. Jean, Chery SIMON, d\u00e9c\u00e9d\u00e9 le 1er juillet 2016 \u00e0 GUERET<\/p>\n<p>M. Fernand, Pierre PELOIS, d\u00e9c\u00e9d\u00e9 le 16 juillet \u00e0 l&rsquo;EHPAD<\/p>\n<p>Mme Josette, Julie LEFUMAT, d\u00e9c\u00e9d\u00e9e le 23 juillet 2016 \u00e0 l&rsquo;EHPAD<\/p>\n<p>M. Pierre GAYON, d\u00e9c\u00e9d\u00e9 le 18 novembre 2016 \u00e0 LIMOGES<\/p>\n<p>&nbsp;<\/p>\n<p><a href=\"http:\/\/www.monteilauvicomte.fr\/?page_id=168\">Retour<\/a><\/p>\n","protected":false},"excerpt":{"rendered":"<p>Mme Ch\u00e9rifa BABOUCHE, veuve RICHARD, d\u00e9c\u00e9d\u00e9e le 5 janvier 2016 \u00e0 Ste FEYRE. M. Gustave BONAMOUR, d\u00e9c\u00e9d\u00e9 le 1er avril 2016 \u00e0 Ste FEYRE M. Jean, Chery SIMON, d\u00e9c\u00e9d\u00e9 le 1er juillet 2016 \u00e0 GUERET M. Fernand, Pierre PELOIS, d\u00e9c\u00e9d\u00e9 le 16 juillet \u00e0 l&rsquo;EHPAD Mme Josette, Julie LEFUMAT, d\u00e9c\u00e9d\u00e9e le 23 juillet 2016 \u00e0 &hellip; <a href=\"https:\/\/www.monteilauvicomte.fr\/?page_id=877\" class=\"more-link\">Continuer la lecture de <span class=\"screen-reader-text\">2016<\/span>  <span class=\"meta-nav\">&rarr;<\/span><\/a><\/p>\n","protected":false},"author":1,"featured_media":0,"parent":168,"menu_order":3,"comment_status":"closed","ping_status":"closed","template":"","meta":[],"_links":{"self":[{"href":"https:\/\/www.monteilauvicomte.fr\/index.php?rest_route=\/wp\/v2\/pages\/877"}],"collection":[{"href":"https:\/\/www.monteilauvicomte.fr\/index.php?rest_route=\/wp\/v2\/pages"}],"about":[{"href":"https:\/\/www.monteilauvicomte.fr\/index.php?rest_route=\/wp\/v2\/types\/page"}],"author":[{"embeddable":true,"href":"https:\/\/www.monteilauvicomte.fr\/index.php?rest_route=\/wp\/v2\/users\/1"}],"replies":[{"embeddable":true,"href":"https:\/\/www.monteilauvicomte.fr\/index.php?rest_route=%2Fwp%2Fv2%2Fcomments&post=877"}],"version-history":[{"count":6,"href":"https:\/\/www.monteilauvicomte.fr\/index.php?rest_route=\/wp\/v2\/pages\/877\/revisions"}],"predecessor-version":[{"id":1067,"href":"https:\/\/www.monteilauvicomte.fr\/index.php?rest_route=\/wp\/v2\/pages\/877\/revisions\/1067"}],"up":[{"embeddable":true,"href":"https:\/\/www.monteilauvicomte.fr\/index.php?rest_route=\/wp\/v2\/pages\/168"}],"wp:attachment":[{"href":"https:\/\/www.monteilauvicomte.fr\/index.php?rest_route=%2Fwp%2Fv2%2Fmedia&parent=877"}],"curies":[{"name":"wp","href":"https:\/\/api.w.org\/{rel}","templated":true}]}}