{"id":75,"date":"2014-12-30T09:23:15","date_gmt":"2014-12-30T08:23:15","guid":{"rendered":"http:\/\/www.monteilauvicomte.fr\/?page_id=75"},"modified":"2018-03-28T16:25:56","modified_gmt":"2018-03-28T14:25:56","slug":"informations-sur-le-site","status":"publish","type":"page","link":"https:\/\/www.monteilauvicomte.fr\/?page_id=75","title":{"rendered":"Mentions l\u00e9gales"},"content":{"rendered":"<p>Ce site est \u00e9dit\u00e9 pour la commune du Monteil au Vicomte.<\/p>\n<p>Mise en ligne le 27 d\u00e9cembre 2014.<\/p>\n<p>Directeur de la publication et webmestre: \u00a0Didier Martinez,\u00a0Maire.<\/p>\n<p>Sous le contr\u00f4le de la Commission Communication de l&rsquo;\u00e9quipe communale.<\/p>\n<p>___________________________________________________________________________<\/p>\n<p><strong>Informations techniques<\/strong><\/p>\n<p>D\u00e9velopp\u00e9 sous WordPress, avec le th\u00e8me g\u00e9n\u00e9rique 2014, et h\u00e9berg\u00e9 par OVH.<\/p>\n<p>Nom de domaine d\u00e9pos\u00e9 \u00e0 l&rsquo;AFIC \u00a0 \u00a0www.monteilauvicomte.fr<\/p>\n<p>___________________________________________________________________________<\/p>\n<p><strong>Loi informatique et libert\u00e9<\/strong><br \/>\nEn application de la loi n\u00b0 78-17 du 6 janvier 1978 relative \u00e0 l\u2019informatique, aux fichiers et aux libert\u00e9s, vous disposez des droits d\u2019opposition, d\u2019acc\u00e8s et de rectification des donn\u00e9es vous concernant. Nous nous engageons \u00e0 ne pas communiquer ces donn\u00e9es \u00e0 des tiers. Si vous souhaitez exercer votre droit de modification ou de suppression, il vous suffit d\u2019\u00e9crire \u00e0 l\u2019\u00e9diteur du site en indiquant vos noms, pr\u00e9noms, adresse, adresses e-mail afin qu\u2019il puisse faire le n\u00e9cessaire dans les meilleurs d\u00e9lais. Vous pouvez exercer cette demande aupr\u00e8s de Didier Martinez, par \u00e9crit \u00e0 l\u2019adresse postale ou par mail.<\/p>\n<p><strong>Cr\u00e9dit photos<\/strong><\/p>\n<p>Didier MARTINEZ, Com Com Bourganeuf Vassivi\u00e8re<\/p>\n<p>&nbsp;<\/p>\n","protected":false},"excerpt":{"rendered":"<p>Ce site est \u00e9dit\u00e9 pour la commune du Monteil au Vicomte. Mise en ligne le 27 d\u00e9cembre 2014. Directeur de la publication et webmestre: \u00a0Didier Martinez,\u00a0Maire. Sous le contr\u00f4le de la Commission Communication de l&rsquo;\u00e9quipe communale. ___________________________________________________________________________ Informations techniques D\u00e9velopp\u00e9 sous WordPress, avec le th\u00e8me g\u00e9n\u00e9rique 2014, et h\u00e9berg\u00e9 par OVH. Nom de domaine d\u00e9pos\u00e9 &hellip; <a href=\"https:\/\/www.monteilauvicomte.fr\/?page_id=75\" class=\"more-link\">Continuer la lecture de <span class=\"screen-reader-text\">Mentions l\u00e9gales<\/span>  <span class=\"meta-nav\">&rarr;<\/span><\/a><\/p>\n","protected":false},"author":1,"featured_media":0,"parent":71,"menu_order":2,"comment_status":"closed","ping_status":"closed","template":"","meta":[],"_links":{"self":[{"href":"https:\/\/www.monteilauvicomte.fr\/index.php?rest_route=\/wp\/v2\/pages\/75"}],"collection":[{"href":"https:\/\/www.monteilauvicomte.fr\/index.php?rest_route=\/wp\/v2\/pages"}],"about":[{"href":"https:\/\/www.monteilauvicomte.fr\/index.php?rest_route=\/wp\/v2\/types\/page"}],"author":[{"embeddable":true,"href":"https:\/\/www.monteilauvicomte.fr\/index.php?rest_route=\/wp\/v2\/users\/1"}],"replies":[{"embeddable":true,"href":"https:\/\/www.monteilauvicomte.fr\/index.php?rest_route=%2Fwp%2Fv2%2Fcomments&post=75"}],"version-history":[{"count":10,"href":"https:\/\/www.monteilauvicomte.fr\/index.php?rest_route=\/wp\/v2\/pages\/75\/revisions"}],"predecessor-version":[{"id":1415,"href":"https:\/\/www.monteilauvicomte.fr\/index.php?rest_route=\/wp\/v2\/pages\/75\/revisions\/1415"}],"up":[{"embeddable":true,"href":"https:\/\/www.monteilauvicomte.fr\/index.php?rest_route=\/wp\/v2\/pages\/71"}],"wp:attachment":[{"href":"https:\/\/www.monteilauvicomte.fr\/index.php?rest_route=%2Fwp%2Fv2%2Fmedia&parent=75"}],"curies":[{"name":"wp","href":"https:\/\/api.w.org\/{rel}","templated":true}]}}