{"id":65,"date":"2014-12-30T09:01:51","date_gmt":"2014-12-30T08:01:51","guid":{"rendered":"http:\/\/www.monteilauvicomte.fr\/?page_id=65"},"modified":"2014-12-30T09:04:07","modified_gmt":"2014-12-30T08:04:07","slug":"les-chasseurs","status":"publish","type":"page","link":"https:\/\/www.monteilauvicomte.fr\/?page_id=65","title":{"rendered":"Les Chasseurs"},"content":{"rendered":"<p>Nos nemrods locaux pourront trouver ici une page o\u00f9 d\u00e9poser leurs infos diverses, r\u00e9unions, nombre de colliers, battues pr\u00e9vues etc&#8230;<\/p>\n","protected":false},"excerpt":{"rendered":"<p>Nos nemrods locaux pourront trouver ici une page o\u00f9 d\u00e9poser leurs infos diverses, r\u00e9unions, nombre de colliers, battues pr\u00e9vues etc&#8230;<\/p>\n","protected":false},"author":1,"featured_media":0,"parent":58,"menu_order":2,"comment_status":"closed","ping_status":"closed","template":"","meta":[],"_links":{"self":[{"href":"https:\/\/www.monteilauvicomte.fr\/index.php?rest_route=\/wp\/v2\/pages\/65"}],"collection":[{"href":"https:\/\/www.monteilauvicomte.fr\/index.php?rest_route=\/wp\/v2\/pages"}],"about":[{"href":"https:\/\/www.monteilauvicomte.fr\/index.php?rest_route=\/wp\/v2\/types\/page"}],"author":[{"embeddable":true,"href":"https:\/\/www.monteilauvicomte.fr\/index.php?rest_route=\/wp\/v2\/users\/1"}],"replies":[{"embeddable":true,"href":"https:\/\/www.monteilauvicomte.fr\/index.php?rest_route=%2Fwp%2Fv2%2Fcomments&post=65"}],"version-history":[{"count":1,"href":"https:\/\/www.monteilauvicomte.fr\/index.php?rest_route=\/wp\/v2\/pages\/65\/revisions"}],"predecessor-version":[{"id":66,"href":"https:\/\/www.monteilauvicomte.fr\/index.php?rest_route=\/wp\/v2\/pages\/65\/revisions\/66"}],"up":[{"embeddable":true,"href":"https:\/\/www.monteilauvicomte.fr\/index.php?rest_route=\/wp\/v2\/pages\/58"}],"wp:attachment":[{"href":"https:\/\/www.monteilauvicomte.fr\/index.php?rest_route=%2Fwp%2Fv2%2Fmedia&parent=65"}],"curies":[{"name":"wp","href":"https:\/\/api.w.org\/{rel}","templated":true}]}}