{"id":63,"date":"2014-12-30T08:59:14","date_gmt":"2014-12-30T07:59:14","guid":{"rendered":"http:\/\/www.monteilauvicomte.fr\/?page_id=63"},"modified":"2015-01-20T15:48:16","modified_gmt":"2015-01-20T14:48:16","slug":"marche-de-noel","status":"publish","type":"page","link":"https:\/\/www.monteilauvicomte.fr\/?page_id=63","title":{"rendered":"March\u00e9 de No\u00ebl 2014"},"content":{"rendered":"<p>3<img loading=\"lazy\" class=\"  wp-image-229 alignleft\" src=\"http:\/\/www.monteilauvicomte.fr\/wp-content\/uploads\/2015\/01\/soir\u00e9e-Noel-178x300.jpg\" alt=\"soir\u00e9e Noel\" width=\"355\" height=\"598\" srcset=\"https:\/\/www.monteilauvicomte.fr\/wp-content\/uploads\/2015\/01\/soir\u00e9e-Noel-178x300.jpg 178w, https:\/\/www.monteilauvicomte.fr\/wp-content\/uploads\/2015\/01\/soir\u00e9e-Noel.jpg 269w\" sizes=\"(max-width: 355px) 100vw, 355px\" \/>Produits de Gr\u00e8ce de nos amis d&rsquo;Apollonia<\/p>\n<p>Produits du pays<\/p>\n<p>vin chaud , cr\u00eache et concert \u00e0 l&rsquo;\u00e9glise<\/p>\n<p>&nbsp;<\/p>\n","protected":false},"excerpt":{"rendered":"<p>3Produits de Gr\u00e8ce de nos amis d&rsquo;Apollonia Produits du pays vin chaud , cr\u00eache et concert \u00e0 l&rsquo;\u00e9glise &nbsp;<\/p>\n","protected":false},"author":1,"featured_media":0,"parent":60,"menu_order":3,"comment_status":"closed","ping_status":"closed","template":"","meta":[],"_links":{"self":[{"href":"https:\/\/www.monteilauvicomte.fr\/index.php?rest_route=\/wp\/v2\/pages\/63"}],"collection":[{"href":"https:\/\/www.monteilauvicomte.fr\/index.php?rest_route=\/wp\/v2\/pages"}],"about":[{"href":"https:\/\/www.monteilauvicomte.fr\/index.php?rest_route=\/wp\/v2\/types\/page"}],"author":[{"embeddable":true,"href":"https:\/\/www.monteilauvicomte.fr\/index.php?rest_route=\/wp\/v2\/users\/1"}],"replies":[{"embeddable":true,"href":"https:\/\/www.monteilauvicomte.fr\/index.php?rest_route=%2Fwp%2Fv2%2Fcomments&post=63"}],"version-history":[{"count":5,"href":"https:\/\/www.monteilauvicomte.fr\/index.php?rest_route=\/wp\/v2\/pages\/63\/revisions"}],"predecessor-version":[{"id":267,"href":"https:\/\/www.monteilauvicomte.fr\/index.php?rest_route=\/wp\/v2\/pages\/63\/revisions\/267"}],"up":[{"embeddable":true,"href":"https:\/\/www.monteilauvicomte.fr\/index.php?rest_route=\/wp\/v2\/pages\/60"}],"wp:attachment":[{"href":"https:\/\/www.monteilauvicomte.fr\/index.php?rest_route=%2Fwp%2Fv2%2Fmedia&parent=63"}],"curies":[{"name":"wp","href":"https:\/\/api.w.org\/{rel}","templated":true}]}}