{"id":60,"date":"2014-12-30T08:57:17","date_gmt":"2014-12-30T07:57:17","guid":{"rendered":"http:\/\/www.monteilauvicomte.fr\/?page_id=60"},"modified":"2016-04-23T17:33:54","modified_gmt":"2016-04-23T15:33:54","slug":"les-amis-des-tours","status":"publish","type":"page","link":"https:\/\/www.monteilauvicomte.fr\/?page_id=60","title":{"rendered":"Les Amis des Tours"},"content":{"rendered":"<p><a href=\"http:\/\/www.monteilauvicomte.fr\/wp-content\/uploads\/2014\/12\/Image1.jpg\"><img loading=\"lazy\" class=\"alignnone size-medium wp-image-61\" src=\"http:\/\/www.monteilauvicomte.fr\/wp-content\/uploads\/2014\/12\/Image1-239x300.jpg\" alt=\"Image1\" width=\"239\" height=\"300\" srcset=\"https:\/\/www.monteilauvicomte.fr\/wp-content\/uploads\/2014\/12\/Image1-239x300.jpg 239w, https:\/\/www.monteilauvicomte.fr\/wp-content\/uploads\/2014\/12\/Image1.jpg 405w\" sizes=\"(max-width: 239px) 100vw, 239px\" \/><\/a><\/p>\n<p><a href=\"http:\/\/www.monteilauvicomte.fr\/wp-content\/uploads\/2016\/04\/Bulletin-adh\u00e9sion-amis-des-tours.pdf\">Bulletin d&rsquo;adh\u00e9sion t\u00e9l\u00e9chargeable<\/a><\/p>\n<p>&nbsp;<\/p>\n","protected":false},"excerpt":{"rendered":"<p>Bulletin d&rsquo;adh\u00e9sion t\u00e9l\u00e9chargeable &nbsp;<\/p>\n","protected":false},"author":1,"featured_media":0,"parent":58,"menu_order":1,"comment_status":"closed","ping_status":"closed","template":"","meta":[],"_links":{"self":[{"href":"https:\/\/www.monteilauvicomte.fr\/index.php?rest_route=\/wp\/v2\/pages\/60"}],"collection":[{"href":"https:\/\/www.monteilauvicomte.fr\/index.php?rest_route=\/wp\/v2\/pages"}],"about":[{"href":"https:\/\/www.monteilauvicomte.fr\/index.php?rest_route=\/wp\/v2\/types\/page"}],"author":[{"embeddable":true,"href":"https:\/\/www.monteilauvicomte.fr\/index.php?rest_route=\/wp\/v2\/users\/1"}],"replies":[{"embeddable":true,"href":"https:\/\/www.monteilauvicomte.fr\/index.php?rest_route=%2Fwp%2Fv2%2Fcomments&post=60"}],"version-history":[{"count":3,"href":"https:\/\/www.monteilauvicomte.fr\/index.php?rest_route=\/wp\/v2\/pages\/60\/revisions"}],"predecessor-version":[{"id":958,"href":"https:\/\/www.monteilauvicomte.fr\/index.php?rest_route=\/wp\/v2\/pages\/60\/revisions\/958"}],"up":[{"embeddable":true,"href":"https:\/\/www.monteilauvicomte.fr\/index.php?rest_route=\/wp\/v2\/pages\/58"}],"wp:attachment":[{"href":"https:\/\/www.monteilauvicomte.fr\/index.php?rest_route=%2Fwp%2Fv2%2Fmedia&parent=60"}],"curies":[{"name":"wp","href":"https:\/\/api.w.org\/{rel}","templated":true}]}}