{"id":536,"date":"2015-04-23T12:20:34","date_gmt":"2015-04-23T10:20:34","guid":{"rendered":"http:\/\/www.monteilauvicomte.fr\/?page_id=536"},"modified":"2016-04-15T17:13:52","modified_gmt":"2016-04-15T15:13:52","slug":"2015-2","status":"publish","type":"page","link":"https:\/\/www.monteilauvicomte.fr\/?page_id=536","title":{"rendered":"2015"},"content":{"rendered":"<p>&#8211; Mme Lucienne, Marie BERGER veuve RICHARD, d\u00e9c\u00e9d\u00e9e le 11 janvier 2015 \u00a0(EHPAD).<\/p>\n<p>&#8211; Mme Marthe, Jeanne PARELON, veuve PARELON, d\u00e9c\u00e9d\u00e9e le 28 mars 2015 (EHPAD).<\/p>\n<p>&#8211; Mme Claudine, Odette BONNOT, veuve JOUANAUD le 4 mai 2015 (EHPAD)<\/p>\n<p>&#8211; M. Ren\u00e9, Paul MAFAITY, d\u00e9c\u00e9d\u00e9 le 22 juin 2015 \u00e0 Gu\u00e9ret.<\/p>\n<p>&#8211; M. Claude Georges TAUTY, d\u00e9c\u00e9d\u00e9 le 3 juilet 2015 \u00e0 son domicile de Haute-Besse.<\/p>\n<p>M. J\u00e9rome BARTHELEMY, d\u00e9c\u00e9d\u00e9 le 17 octobre 2015, en son domicile, 1 rue Pierre d&rsquo;Aubusson.<\/p>\n<p>Mme Jeanne MABRUT, d\u00e9c\u00e9d\u00e9e le 27 avril 2015 (EHPAD).<\/p>\n<p>Mme Lucie CHOPINAUD, veuve DESLOGE, d\u00e9c\u00e9d\u00e9e le 5 d\u00e9cembre 2015, \u00e0 Ste Feyre.<\/p>\n<p>Mme Colette, Monique \u00a0GUYOT \u00e9pouse GAYON, \u00a0d\u00e9c\u00e9d\u00e9e le 30 d\u00e9cembre 2015 \u00e0 l&rsquo;h\u00f4pital d&rsquo;Aubusson.<\/p>\n<p><a href=\"http:\/\/www.monteilauvicomte.fr\/?page_id=168%20\">Retour<\/a><\/p>\n","protected":false},"excerpt":{"rendered":"<p>&#8211; Mme Lucienne, Marie BERGER veuve RICHARD, d\u00e9c\u00e9d\u00e9e le 11 janvier 2015 \u00a0(EHPAD). &#8211; Mme Marthe, Jeanne PARELON, veuve PARELON, d\u00e9c\u00e9d\u00e9e le 28 mars 2015 (EHPAD). &#8211; Mme Claudine, Odette BONNOT, veuve JOUANAUD le 4 mai 2015 (EHPAD) &#8211; M. Ren\u00e9, Paul MAFAITY, d\u00e9c\u00e9d\u00e9 le 22 juin 2015 \u00e0 Gu\u00e9ret. &#8211; M. Claude Georges TAUTY, &hellip; <a href=\"https:\/\/www.monteilauvicomte.fr\/?page_id=536\" class=\"more-link\">Continuer la lecture de <span class=\"screen-reader-text\">2015<\/span>  <span class=\"meta-nav\">&rarr;<\/span><\/a><\/p>\n","protected":false},"author":1,"featured_media":0,"parent":168,"menu_order":2,"comment_status":"closed","ping_status":"closed","template":"","meta":[],"_links":{"self":[{"href":"https:\/\/www.monteilauvicomte.fr\/index.php?rest_route=\/wp\/v2\/pages\/536"}],"collection":[{"href":"https:\/\/www.monteilauvicomte.fr\/index.php?rest_route=\/wp\/v2\/pages"}],"about":[{"href":"https:\/\/www.monteilauvicomte.fr\/index.php?rest_route=\/wp\/v2\/types\/page"}],"author":[{"embeddable":true,"href":"https:\/\/www.monteilauvicomte.fr\/index.php?rest_route=\/wp\/v2\/users\/1"}],"replies":[{"embeddable":true,"href":"https:\/\/www.monteilauvicomte.fr\/index.php?rest_route=%2Fwp%2Fv2%2Fcomments&post=536"}],"version-history":[{"count":14,"href":"https:\/\/www.monteilauvicomte.fr\/index.php?rest_route=\/wp\/v2\/pages\/536\/revisions"}],"predecessor-version":[{"id":876,"href":"https:\/\/www.monteilauvicomte.fr\/index.php?rest_route=\/wp\/v2\/pages\/536\/revisions\/876"}],"up":[{"embeddable":true,"href":"https:\/\/www.monteilauvicomte.fr\/index.php?rest_route=\/wp\/v2\/pages\/168"}],"wp:attachment":[{"href":"https:\/\/www.monteilauvicomte.fr\/index.php?rest_route=%2Fwp%2Fv2%2Fmedia&parent=536"}],"curies":[{"name":"wp","href":"https:\/\/api.w.org\/{rel}","templated":true}]}}