{"id":527,"date":"2015-04-23T12:11:46","date_gmt":"2015-04-23T10:11:46","guid":{"rendered":"http:\/\/www.monteilauvicomte.fr\/?page_id=527"},"modified":"2015-07-02T15:49:14","modified_gmt":"2015-07-02T13:49:14","slug":"2015-2","status":"publish","type":"page","link":"https:\/\/www.monteilauvicomte.fr\/?page_id=527","title":{"rendered":"2015"},"content":{"rendered":"<p>&#8211; Mathis, Nathan, Noah DUMAS VINCENT (du Barry), n\u00e9 \u00e0 Gu\u00e9ret le 14 avril 2015.<\/p>\n<p>&#8211; Louise DEMARGNE, n\u00e9e \u00e0 Gu\u00e9ret, \u00a0de Sylvie REQUIER et de Ludovic, Christian DEMARGNE, le 26 avril 2015<\/p>\n<p><a href=\"http:\/\/www.monteilauvicomte.fr\/?page_id=160\">Retour<\/a><\/p>\n","protected":false},"excerpt":{"rendered":"<p>&#8211; Mathis, Nathan, Noah DUMAS VINCENT (du Barry), n\u00e9 \u00e0 Gu\u00e9ret le 14 avril 2015. &#8211; Louise DEMARGNE, n\u00e9e \u00e0 Gu\u00e9ret, \u00a0de Sylvie REQUIER et de Ludovic, Christian DEMARGNE, le 26 avril 2015 Retour<\/p>\n","protected":false},"author":1,"featured_media":0,"parent":160,"menu_order":2,"comment_status":"closed","ping_status":"closed","template":"","meta":[],"_links":{"self":[{"href":"https:\/\/www.monteilauvicomte.fr\/index.php?rest_route=\/wp\/v2\/pages\/527"}],"collection":[{"href":"https:\/\/www.monteilauvicomte.fr\/index.php?rest_route=\/wp\/v2\/pages"}],"about":[{"href":"https:\/\/www.monteilauvicomte.fr\/index.php?rest_route=\/wp\/v2\/types\/page"}],"author":[{"embeddable":true,"href":"https:\/\/www.monteilauvicomte.fr\/index.php?rest_route=\/wp\/v2\/users\/1"}],"replies":[{"embeddable":true,"href":"https:\/\/www.monteilauvicomte.fr\/index.php?rest_route=%2Fwp%2Fv2%2Fcomments&post=527"}],"version-history":[{"count":6,"href":"https:\/\/www.monteilauvicomte.fr\/index.php?rest_route=\/wp\/v2\/pages\/527\/revisions"}],"predecessor-version":[{"id":607,"href":"https:\/\/www.monteilauvicomte.fr\/index.php?rest_route=\/wp\/v2\/pages\/527\/revisions\/607"}],"up":[{"embeddable":true,"href":"https:\/\/www.monteilauvicomte.fr\/index.php?rest_route=\/wp\/v2\/pages\/160"}],"wp:attachment":[{"href":"https:\/\/www.monteilauvicomte.fr\/index.php?rest_route=%2Fwp%2Fv2%2Fmedia&parent=527"}],"curies":[{"name":"wp","href":"https:\/\/api.w.org\/{rel}","templated":true}]}}