{"id":47,"date":"2014-12-28T21:57:21","date_gmt":"2014-12-28T20:57:21","guid":{"rendered":"http:\/\/www.monteilauvicomte.fr\/?page_id=47"},"modified":"2025-07-16T16:25:06","modified_gmt":"2025-07-16T14:25:06","slug":"mairie-et-agence-postale","status":"publish","type":"page","link":"https:\/\/www.monteilauvicomte.fr\/?page_id=47","title":{"rendered":"Mairie"},"content":{"rendered":"\r\n<p><strong>Heures d&rsquo;ouverture de la Mairie\u00a0du Monteil au Vicomte<\/strong><\/p>\r\n<p>Les al\u00e9as de ces derniers remaniements font qu&rsquo;il vaut mieux se renseigner avant un d\u00e9placement<\/p>\r\n<h1 style=\"text-align: center;\"><span style=\"color: #ff9900;\">Tel 05 55 64 95 11<\/span><\/h1>\r\n<p>Le service WIFI gratuit est actif pendant les heures d&rsquo;ouverture.<\/p>\r\n<p>Un portique de livres \u00e0 partager vous y attend.<\/p>\r\n<p><span style=\"font-family: 'times new roman', times;\">Lundi\u00a0 \u00a0 \u00a0 \u00a0 \u00a0 \u00a0 \u00a0 \u00a0 8h45 &#8211; 12h<\/span><\/p>\r\n<p><span style=\"font-family: 'times new roman', times;\">Mardi\u00a0 \u00a0 \u00a0 \u00a0 \u00a0 \u00a0 \u00a0 \u00a08h45 &#8211; 12 h et 14h &#8211; 18h<\/span><\/p>\r\n<p><span style=\"font-family: 'times new roman', times;\">Mercredi\u00a0 \u00a0 \u00a0 \u00a0 \u00a08h45 &#8211; 12h<\/span><\/p>\r\n<p><span style=\"font-family: 'times new roman', times;\">Jeudi\u00a0 \u00a0 \u00a0 \u00a0 \u00a0 \u00a0 \u00a0 \u00a0 8h45 &#8211; 12h<\/span><\/p>\r\n<p><span style=\"font-family: 'times new roman', times;\">Vendredi\u00a0 \u00a0 \u00a0 \u00a0 \u00a08h45 &#8211; 12h<\/span><\/p>\r\n<p>La permanence des \u00e9lus est assur\u00e9e les mardi apr\u00e8s-midi \u00e0 partir de 16 h.<\/p>\r\n","protected":false},"excerpt":{"rendered":"<p>Heures d&rsquo;ouverture de la Mairie\u00a0du Monteil au Vicomte Les al\u00e9as de ces derniers remaniements font qu&rsquo;il vaut mieux se renseigner avant un d\u00e9placement Tel 05 55 64 95 11 Le service WIFI gratuit est actif pendant les heures d&rsquo;ouverture. Un portique de livres \u00e0 partager vous y attend. Lundi\u00a0 \u00a0 \u00a0 \u00a0 \u00a0 \u00a0 \u00a0 &hellip; <a href=\"https:\/\/www.monteilauvicomte.fr\/?page_id=47\" class=\"more-link\">Continuer la lecture de <span class=\"screen-reader-text\">Mairie<\/span>  <span class=\"meta-nav\">&rarr;<\/span><\/a><\/p>\n","protected":false},"author":1,"featured_media":0,"parent":49,"menu_order":1,"comment_status":"closed","ping_status":"closed","template":"","meta":[],"_links":{"self":[{"href":"https:\/\/www.monteilauvicomte.fr\/index.php?rest_route=\/wp\/v2\/pages\/47"}],"collection":[{"href":"https:\/\/www.monteilauvicomte.fr\/index.php?rest_route=\/wp\/v2\/pages"}],"about":[{"href":"https:\/\/www.monteilauvicomte.fr\/index.php?rest_route=\/wp\/v2\/types\/page"}],"author":[{"embeddable":true,"href":"https:\/\/www.monteilauvicomte.fr\/index.php?rest_route=\/wp\/v2\/users\/1"}],"replies":[{"embeddable":true,"href":"https:\/\/www.monteilauvicomte.fr\/index.php?rest_route=%2Fwp%2Fv2%2Fcomments&post=47"}],"version-history":[{"count":16,"href":"https:\/\/www.monteilauvicomte.fr\/index.php?rest_route=\/wp\/v2\/pages\/47\/revisions"}],"predecessor-version":[{"id":1636,"href":"https:\/\/www.monteilauvicomte.fr\/index.php?rest_route=\/wp\/v2\/pages\/47\/revisions\/1636"}],"up":[{"embeddable":true,"href":"https:\/\/www.monteilauvicomte.fr\/index.php?rest_route=\/wp\/v2\/pages\/49"}],"wp:attachment":[{"href":"https:\/\/www.monteilauvicomte.fr\/index.php?rest_route=%2Fwp%2Fv2%2Fmedia&parent=47"}],"curies":[{"name":"wp","href":"https:\/\/api.w.org\/{rel}","templated":true}]}}