{"id":39,"date":"2014-12-28T15:11:28","date_gmt":"2014-12-28T14:11:28","guid":{"rendered":"http:\/\/www.monteilauvicomte.fr\/?page_id=39"},"modified":"2015-01-05T09:17:19","modified_gmt":"2015-01-05T08:17:19","slug":"le-discours-du-maire","status":"publish","type":"page","link":"https:\/\/www.monteilauvicomte.fr\/?page_id=39","title":{"rendered":"Le discours du Maire"},"content":{"rendered":"<p>Au lendemain des municipales, premi\u00e8re intervention publique.<\/p>\n<p>&nbsp;<\/p>\n<p><span style=\"font-family: 'times new roman', times;\">Mes chers amis<\/span><\/p>\n<p><span style=\"font-family: 'times new roman', times;\">\u00a0<\/span><\/p>\n<p><span style=\"font-family: 'times new roman', times;\">Me voil\u00e0 Maire, un peu surpris, mais aussi ravi.<\/span><\/p>\n<p style=\"text-align: justify;\"><span style=\"font-family: 'times new roman', times;\">J\u2019ai connu le Monteil au Vicomte en entrant dans la famille de mon \u00e9pouse.<\/span><\/p>\n<p style=\"text-align: justify;\"><span style=\"font-family: 'times new roman', times;\">Babeth m\u2019a amen\u00e9e vers ses racines, m\u2019a montr\u00e9 ce pays, dur, m&rsquo;a racont\u00e9 son oncle et son grand-p\u00e8re, tous les deux ma\u00e7ons, \u00e9migr\u00e9s modernes.<\/span><\/p>\n<p style=\"text-align: justify;\"><span style=\"font-family: 'times new roman', times;\">J\u2019y ai fait un parall\u00e8le avec ma propre famille, mourant de faim en Sierra Nevada, ou dans les Ardennes, et d\u00e9cidant de tout quitter pour essayer de vivre mieux ailleurs.<\/span><\/p>\n<p style=\"text-align: justify;\"><span style=\"font-family: 'times new roman', times;\">De cet ailleurs, il ne reste rien. Et j\u2019ai donc adopt\u00e9 les racines de mon \u00e9pouse.<\/span><\/p>\n<p style=\"text-align: justify;\"><span style=\"font-family: 'times new roman', times;\">Me voil\u00e0 donc Maire, et cela gr\u00e2ce \u00e0 une \u00e9quipe, je ne dis pas mon \u00e9quipe, mais une \u00e9quipe.<\/span><\/p>\n<p style=\"text-align: justify;\"><span style=\"font-family: 'times new roman', times;\">Cette \u00e9quipe en partie men\u00e9e par Christian.<\/span><\/p>\n<p style=\"text-align: justify;\"><span style=\"font-family: 'times new roman', times;\">Christian m\u00e8ne une vie publique depuis 25 ans. Il conna\u00eet tout ici, du moindre pr\u00e8s \u00e0 chacun des habitants. Il est connu et reconnu dans toutes les instances.<\/span><\/p>\n<p><span style=\"font-family: 'times new roman', times;\">Nous avons fait le tour de l\u2019\u00e9tat de la commune. Et j\u2019y ai vu de la prudence, de la gestion de p\u00e8re de famille, et un redressement lent mais s\u00fbr depuis qu\u2019il a pris en charge le Monteil.<\/span><\/p>\n<p><span style=\"font-family: 'times new roman', times;\">Et je vais maintenant heurter sa modestie, je me suis aper\u00e7u lors de cette campagne de l\u2019aide et du temps qu\u2019il donne g\u00e9n\u00e9reusement \u00e0 tous ceux qui sont dans le besoin.<\/span><\/p>\n<p><span style=\"font-family: 'times new roman', times;\">\u00a0<\/span><\/p>\n<p><span style=\"font-family: 'times new roman', times;\">Me voil\u00e0 donc Maire, car Christian m\u2019a propos\u00e9 sa charge, un jour de f\u00e9vrier dernier, pendant que son fils labourait son jardin.<\/span><\/p>\n<p><span style=\"font-family: 'times new roman', times;\">Il m\u2019a guid\u00e9, conseill\u00e9, pr\u00e9sent\u00e9 \u00e0 tout le monde.<\/span><\/p>\n<p><span style=\"font-family: 'times new roman', times;\">On a men\u00e9 ensemble une campagne, courte, mais tr\u00e8s intense, o\u00f9 nous n\u2019avons eu que des mots vrais.<\/span><\/p>\n<p><span style=\"font-family: 'times new roman', times;\">Nous avons eu le succ\u00e8s que vous connaissez. Christian va rester dans l\u2019\u00e9quipe et guidera mes premiers pas.<\/span><\/p>\n<p><span style=\"font-family: 'times new roman', times;\">Pour hier, aujourd\u2019hui, et demain, merci Monsieur Meyer.<\/span><\/p>\n<p><span style=\"font-family: 'times new roman', times;\">\u00a0<\/span><\/p>\n<p style=\"text-align: justify;\"><span style=\"font-family: 'times new roman', times;\">Je suis donc Maire, et j\u2019ai parl\u00e9 d\u2019\u00e9quipe. Chaque membre de cette \u00e9quipe m\u2019a soutenu, et m\u2019a apport\u00e9, qui le conseil, qui l\u2019amiti\u00e9. Je veux leur dire que je ne con\u00e7ois pas un travail sans eux, dans la concertation, et que nous allons tous nous y mettre.<\/span><\/p>\n<p style=\"text-align: justify;\"><span style=\"font-family: 'times new roman', times;\">Je les remercie tous ici, et je vous f\u00e9licite tous pour votre score personnel.<\/span><\/p>\n<p style=\"text-align: justify;\"><span style=\"font-family: 'times new roman', times;\">Il faut voir dans les r\u00e9sultats de ce vote, clair et net, le reflet de vos valeurs. Merci encore \u00e0 vous.<\/span><\/p>\n<p style=\"text-align: justify;\"><span style=\"font-family: 'times new roman', times;\">Je suis donc Maire du Monteil, et je veux remercier les habitants de la commune, non pas seulement les 100 personnes qui ont gliss\u00e9 mon nom dans une enveloppe bleu dimanche dernier, (\u00e7a, dieu le leur rendra), mais tous les habitants de la commune du Monteil au Vicomte, pour qui, je leur assure ici, que je vais donner le meilleur de moi-m\u00eame, pour notre bien-\u00eatre, notre \u00e9cole, et notre patrimoine.<\/span><\/p>\n<p style=\"text-align: justify;\"><span style=\"font-family: 'times new roman', times;\">Je vous remercie tous, et maintenant trinquons aux 6 prochaines ann\u00e9es.<\/span><\/p>\n","protected":false},"excerpt":{"rendered":"<p>Au lendemain des municipales, premi\u00e8re intervention publique. &nbsp; Mes chers amis \u00a0 Me voil\u00e0 Maire, un peu surpris, mais aussi ravi. J\u2019ai connu le Monteil au Vicomte en entrant dans la famille de mon \u00e9pouse. Babeth m\u2019a amen\u00e9e vers ses racines, m\u2019a montr\u00e9 ce pays, dur, m&rsquo;a racont\u00e9 son oncle et son grand-p\u00e8re, tous les &hellip; <a href=\"https:\/\/www.monteilauvicomte.fr\/?page_id=39\" class=\"more-link\">Continuer la lecture de <span class=\"screen-reader-text\">Le discours du Maire<\/span>  <span class=\"meta-nav\">&rarr;<\/span><\/a><\/p>\n","protected":false},"author":1,"featured_media":0,"parent":12,"menu_order":1,"comment_status":"closed","ping_status":"closed","template":"","meta":[],"_links":{"self":[{"href":"https:\/\/www.monteilauvicomte.fr\/index.php?rest_route=\/wp\/v2\/pages\/39"}],"collection":[{"href":"https:\/\/www.monteilauvicomte.fr\/index.php?rest_route=\/wp\/v2\/pages"}],"about":[{"href":"https:\/\/www.monteilauvicomte.fr\/index.php?rest_route=\/wp\/v2\/types\/page"}],"author":[{"embeddable":true,"href":"https:\/\/www.monteilauvicomte.fr\/index.php?rest_route=\/wp\/v2\/users\/1"}],"replies":[{"embeddable":true,"href":"https:\/\/www.monteilauvicomte.fr\/index.php?rest_route=%2Fwp%2Fv2%2Fcomments&post=39"}],"version-history":[{"count":8,"href":"https:\/\/www.monteilauvicomte.fr\/index.php?rest_route=\/wp\/v2\/pages\/39\/revisions"}],"predecessor-version":[{"id":200,"href":"https:\/\/www.monteilauvicomte.fr\/index.php?rest_route=\/wp\/v2\/pages\/39\/revisions\/200"}],"up":[{"embeddable":true,"href":"https:\/\/www.monteilauvicomte.fr\/index.php?rest_route=\/wp\/v2\/pages\/12"}],"wp:attachment":[{"href":"https:\/\/www.monteilauvicomte.fr\/index.php?rest_route=%2Fwp%2Fv2%2Fmedia&parent=39"}],"curies":[{"name":"wp","href":"https:\/\/api.w.org\/{rel}","templated":true}]}}