{"id":324,"date":"2015-02-23T16:25:06","date_gmt":"2015-02-23T15:25:06","guid":{"rendered":"http:\/\/www.monteilauvicomte.fr\/?page_id=324"},"modified":"2015-03-15T23:23:23","modified_gmt":"2015-03-15T22:23:23","slug":"ehpad-residence-claire-fontaine","status":"publish","type":"page","link":"https:\/\/www.monteilauvicomte.fr\/?page_id=324","title":{"rendered":"EHPAD R\u00e9sidence Claire Fontaine"},"content":{"rendered":"<p style=\"text-align: justify;\">Un projet de jardin partag\u00e9 est en cours \u00e0 l&rsquo;EHPAD. Les r\u00e9sidents partageront ce jardin avec les enfants de l&rsquo;\u00e9cole communale et ceux de\u00a0l&rsquo;IME. Le parc de l&rsquo;EHPAD sera embelli, avec une promenade,\u00a0 des bacs de plantation en hauteur, et diverses plantations et am\u00e9nagements.<\/p>\n<p style=\"text-align: justify;\">C&rsquo;est le CPIE des Pays Creusois, en partenariat avec l&rsquo;ARS, qui accompagne pour une dur\u00e9e de trois ans, sur un plan methodologique et technique 5 EHPAD du d\u00e9partement dans la cr\u00e9ation et l&rsquo;animation de ces jardins, et ce afin d&rsquo;ouvrir au publique ces lieux de vie.<\/p>\n<p style=\"text-align: justify;\"><a href=\"http:\/\/www.monteilauvicomte.fr\/wp-content\/uploads\/2015\/02\/Image-6.png\"><img loading=\"lazy\" class=\"  wp-image-326 aligncenter\" src=\"http:\/\/www.monteilauvicomte.fr\/wp-content\/uploads\/2015\/02\/Image-6-300x223.png\" alt=\"Image 6\" width=\"498\" height=\"370\" srcset=\"https:\/\/www.monteilauvicomte.fr\/wp-content\/uploads\/2015\/02\/Image-6-300x223.png 300w, https:\/\/www.monteilauvicomte.fr\/wp-content\/uploads\/2015\/02\/Image-6-1024x763.png 1024w, https:\/\/www.monteilauvicomte.fr\/wp-content\/uploads\/2015\/02\/Image-6.png 1199w\" sizes=\"(max-width: 498px) 100vw, 498px\" \/><\/a><\/p>\n<p style=\"text-align: justify;\">Ci-dessus le projet dessin\u00e9 par Alain FREYTET, qui en a profit\u00e9 \u00e9tendre ces am\u00e9nagements du c\u00f4t\u00e9 de l&rsquo;entr\u00e9e de l&rsquo;\u00e9tablissement.<\/p>\n<p style=\"text-align: justify;\">Nous recherchons une boule de granit brut\u00a0d&rsquo;environ 1 m de diam\u00e8tre.<\/p>\n<p>&nbsp;<\/p>\n","protected":false},"excerpt":{"rendered":"<p>Un projet de jardin partag\u00e9 est en cours \u00e0 l&rsquo;EHPAD. Les r\u00e9sidents partageront ce jardin avec les enfants de l&rsquo;\u00e9cole communale et ceux de\u00a0l&rsquo;IME. Le parc de l&rsquo;EHPAD sera embelli, avec une promenade,\u00a0 des bacs de plantation en hauteur, et diverses plantations et am\u00e9nagements. C&rsquo;est le CPIE des Pays Creusois, en partenariat avec l&rsquo;ARS, qui &hellip; <a href=\"https:\/\/www.monteilauvicomte.fr\/?page_id=324\" class=\"more-link\">Continuer la lecture de <span class=\"screen-reader-text\">EHPAD R\u00e9sidence Claire Fontaine<\/span>  <span class=\"meta-nav\">&rarr;<\/span><\/a><\/p>\n","protected":false},"author":1,"featured_media":327,"parent":58,"menu_order":3,"comment_status":"closed","ping_status":"closed","template":"","meta":[],"_links":{"self":[{"href":"https:\/\/www.monteilauvicomte.fr\/index.php?rest_route=\/wp\/v2\/pages\/324"}],"collection":[{"href":"https:\/\/www.monteilauvicomte.fr\/index.php?rest_route=\/wp\/v2\/pages"}],"about":[{"href":"https:\/\/www.monteilauvicomte.fr\/index.php?rest_route=\/wp\/v2\/types\/page"}],"author":[{"embeddable":true,"href":"https:\/\/www.monteilauvicomte.fr\/index.php?rest_route=\/wp\/v2\/users\/1"}],"replies":[{"embeddable":true,"href":"https:\/\/www.monteilauvicomte.fr\/index.php?rest_route=%2Fwp%2Fv2%2Fcomments&post=324"}],"version-history":[{"count":7,"href":"https:\/\/www.monteilauvicomte.fr\/index.php?rest_route=\/wp\/v2\/pages\/324\/revisions"}],"predecessor-version":[{"id":346,"href":"https:\/\/www.monteilauvicomte.fr\/index.php?rest_route=\/wp\/v2\/pages\/324\/revisions\/346"}],"up":[{"embeddable":true,"href":"https:\/\/www.monteilauvicomte.fr\/index.php?rest_route=\/wp\/v2\/pages\/58"}],"wp:featuredmedia":[{"embeddable":true,"href":"https:\/\/www.monteilauvicomte.fr\/index.php?rest_route=\/wp\/v2\/media\/327"}],"wp:attachment":[{"href":"https:\/\/www.monteilauvicomte.fr\/index.php?rest_route=%2Fwp%2Fv2%2Fmedia&parent=324"}],"curies":[{"name":"wp","href":"https:\/\/api.w.org\/{rel}","templated":true}]}}