{"id":210,"date":"2015-01-05T16:29:44","date_gmt":"2015-01-05T15:29:44","guid":{"rendered":"http:\/\/www.monteilauvicomte.fr\/?page_id=210"},"modified":"2015-04-24T06:41:16","modified_gmt":"2015-04-24T04:41:16","slug":"2014-2-2","status":"publish","type":"page","link":"https:\/\/www.monteilauvicomte.fr\/?page_id=210","title":{"rendered":"2014"},"content":{"rendered":"<p><span style=\"font-family: 'times new roman', times; font-size: 12pt;\">&#8211; Mme Andr\u00e9e, Laure DABRIGEON,\u00a0vve SAUVANAUD,\u00a0d\u00e9c\u00e9d\u00e9e le 27 janvier 2014 (EHPAD).<\/span><\/p>\n<p><span style=\"font-family: 'times new roman', times; font-size: 12pt;\">&#8211; Mme Gabrielle, Marie, FONTBONNE, vve CAFFY, d\u00e9c\u00e9d\u00e9e le 30 janvier 2014 \u00e0 Gu\u00e9ret.<\/span><\/p>\n<p><span style=\"font-family: 'times new roman', times; font-size: 12pt;\">&#8211; M. F\u00e9lix, Paul PEIX d\u00e9c\u00e9d\u00e9 le 20 avril 2014 \u00e0 Limoges.<\/span><\/p>\n<p><span style=\"font-family: 'times new roman', times; font-size: 12pt;\">&#8211; M. Henri, Marie, Eug\u00e8ne RECOING \u00a0d\u00e9c\u00e9d\u00e9 le 23 juillet 2014 (EHPAD).<\/span><\/p>\n<p><span style=\"font-family: 'times new roman', times; font-size: 12pt;\">&#8211; Mme Odette, Marthe, Marie CHAMOIS, vve PICAU, d\u00e9c\u00e9d\u00e9e le 13 octobre 2014 (EHPAD).<\/span><\/p>\n<p><span style=\"font-family: 'times new roman', times; font-size: 12pt;\">&#8211; M. Albert, Hippolyte PETIOT d\u00e9c\u00e9d\u00e9 le 1er novembre 2014 (EHPAD)<\/span><\/p>\n<p><span style=\"font-family: 'times new roman', times; font-size: 12pt;\">&#8211; Mme Am\u00e9lie, Yvonne TETEVIDE, vve TRONCHE, d\u00e9c\u00e9d\u00e9e le 30 d\u00e9cembre 2014 (EHPAD)<\/span><\/p>\n<p><a href=\"http:\/\/www.monteilauvicomte.fr\/?page_id=168%20\">Retour<\/a><\/p>\n","protected":false},"excerpt":{"rendered":"<p>&#8211; Mme Andr\u00e9e, Laure DABRIGEON,\u00a0vve SAUVANAUD,\u00a0d\u00e9c\u00e9d\u00e9e le 27 janvier 2014 (EHPAD). &#8211; Mme Gabrielle, Marie, FONTBONNE, vve CAFFY, d\u00e9c\u00e9d\u00e9e le 30 janvier 2014 \u00e0 Gu\u00e9ret. &#8211; M. F\u00e9lix, Paul PEIX d\u00e9c\u00e9d\u00e9 le 20 avril 2014 \u00e0 Limoges. &#8211; M. Henri, Marie, Eug\u00e8ne RECOING \u00a0d\u00e9c\u00e9d\u00e9 le 23 juillet 2014 (EHPAD). &#8211; Mme Odette, Marthe, Marie CHAMOIS, &hellip; <a href=\"https:\/\/www.monteilauvicomte.fr\/?page_id=210\" class=\"more-link\">Continuer la lecture de <span class=\"screen-reader-text\">2014<\/span>  <span class=\"meta-nav\">&rarr;<\/span><\/a><\/p>\n","protected":false},"author":1,"featured_media":0,"parent":168,"menu_order":1,"comment_status":"closed","ping_status":"closed","template":"","meta":[],"_links":{"self":[{"href":"https:\/\/www.monteilauvicomte.fr\/index.php?rest_route=\/wp\/v2\/pages\/210"}],"collection":[{"href":"https:\/\/www.monteilauvicomte.fr\/index.php?rest_route=\/wp\/v2\/pages"}],"about":[{"href":"https:\/\/www.monteilauvicomte.fr\/index.php?rest_route=\/wp\/v2\/types\/page"}],"author":[{"embeddable":true,"href":"https:\/\/www.monteilauvicomte.fr\/index.php?rest_route=\/wp\/v2\/users\/1"}],"replies":[{"embeddable":true,"href":"https:\/\/www.monteilauvicomte.fr\/index.php?rest_route=%2Fwp%2Fv2%2Fcomments&post=210"}],"version-history":[{"count":6,"href":"https:\/\/www.monteilauvicomte.fr\/index.php?rest_route=\/wp\/v2\/pages\/210\/revisions"}],"predecessor-version":[{"id":541,"href":"https:\/\/www.monteilauvicomte.fr\/index.php?rest_route=\/wp\/v2\/pages\/210\/revisions\/541"}],"up":[{"embeddable":true,"href":"https:\/\/www.monteilauvicomte.fr\/index.php?rest_route=\/wp\/v2\/pages\/168"}],"wp:attachment":[{"href":"https:\/\/www.monteilauvicomte.fr\/index.php?rest_route=%2Fwp%2Fv2%2Fmedia&parent=210"}],"curies":[{"name":"wp","href":"https:\/\/api.w.org\/{rel}","templated":true}]}}