{"id":197,"date":"2015-01-05T09:11:36","date_gmt":"2015-01-05T08:11:36","guid":{"rendered":"http:\/\/www.monteilauvicomte.fr\/?page_id=197"},"modified":"2016-04-15T18:29:05","modified_gmt":"2016-04-15T16:29:05","slug":"arretes-municipaux","status":"publish","type":"page","link":"https:\/\/www.monteilauvicomte.fr\/?page_id=197","title":{"rendered":"Arr\u00eat\u00e9s municipaux"},"content":{"rendered":"<p>Ci dessous quelques arr\u00eates municipaux apr\u00e8s validation par la sous-pr\u00e9fecture<\/p>\n<p><a href=\"http:\/\/www.monteilauvicomte.fr\/?page_id=391\">Arr\u00eat\u00e9s d&rsquo;Urbanisme<\/a><\/p>\n<p><a href=\"http:\/\/www.monteilauvicomte.fr\/wp-content\/uploads\/2016\/04\/ARRETE-DIVAGATION-DES-ANIMAUX-INTERDIT.pdf\">Divagations d&rsquo;animaux<\/a><\/p>\n<p><a href=\"hthttp:\/\/www.monteilauvicomte.fr\/wp-content\/uploads\/2016\/04\/ARRETE-REGLEMENTANT-LE-STATIONNEMENT-PLACE-DE-L-EGLISE-LE-15-AOUT-03-08-2015.pdftp:\/\/\">Festivit\u00e9s du 15 ao\u00fbt<\/a><\/p>\n<p><a href=\"http:\/\/www.monteilauvicomte.fr\/wp-content\/uploads\/2016\/04\/ARRETE-DEBIT-DE-BOISSONS-MME-BREDIER.pdf\">Ouverture d\u00e9bit de boisson temporaire<\/a><\/p>\n","protected":false},"excerpt":{"rendered":"<p>Ci dessous quelques arr\u00eates municipaux apr\u00e8s validation par la sous-pr\u00e9fecture Arr\u00eat\u00e9s d&rsquo;Urbanisme Divagations d&rsquo;animaux Festivit\u00e9s du 15 ao\u00fbt Ouverture d\u00e9bit de boisson temporaire<\/p>\n","protected":false},"author":1,"featured_media":0,"parent":97,"menu_order":2,"comment_status":"closed","ping_status":"closed","template":"","meta":[],"_links":{"self":[{"href":"https:\/\/www.monteilauvicomte.fr\/index.php?rest_route=\/wp\/v2\/pages\/197"}],"collection":[{"href":"https:\/\/www.monteilauvicomte.fr\/index.php?rest_route=\/wp\/v2\/pages"}],"about":[{"href":"https:\/\/www.monteilauvicomte.fr\/index.php?rest_route=\/wp\/v2\/types\/page"}],"author":[{"embeddable":true,"href":"https:\/\/www.monteilauvicomte.fr\/index.php?rest_route=\/wp\/v2\/users\/1"}],"replies":[{"embeddable":true,"href":"https:\/\/www.monteilauvicomte.fr\/index.php?rest_route=%2Fwp%2Fv2%2Fcomments&post=197"}],"version-history":[{"count":6,"href":"https:\/\/www.monteilauvicomte.fr\/index.php?rest_route=\/wp\/v2\/pages\/197\/revisions"}],"predecessor-version":[{"id":914,"href":"https:\/\/www.monteilauvicomte.fr\/index.php?rest_route=\/wp\/v2\/pages\/197\/revisions\/914"}],"up":[{"embeddable":true,"href":"https:\/\/www.monteilauvicomte.fr\/index.php?rest_route=\/wp\/v2\/pages\/97"}],"wp:attachment":[{"href":"https:\/\/www.monteilauvicomte.fr\/index.php?rest_route=%2Fwp%2Fv2%2Fmedia&parent=197"}],"curies":[{"name":"wp","href":"https:\/\/api.w.org\/{rel}","templated":true}]}}