{"id":1443,"date":"2018-03-29T14:59:23","date_gmt":"2018-03-29T12:59:23","guid":{"rendered":"http:\/\/www.monteilauvicomte.fr\/?page_id=1443"},"modified":"2018-03-29T15:07:08","modified_gmt":"2018-03-29T13:07:08","slug":"2017-2","status":"publish","type":"page","link":"https:\/\/www.monteilauvicomte.fr\/?page_id=1443","title":{"rendered":"2017"},"content":{"rendered":"<p>&nbsp;<\/p>\n<p>Sandra, Christelle BAYLE et St\u00e9phane, Ghyslain LAURENT se sont mari\u00e9s le 15 juillet 2015.<\/p>\n<p>Sandra, Teresa HOOKER et Philip, Nicholas SELL se sont mari\u00e9s le\u00a0 4 ao\u00fbt 2017<\/p>\n<p>&nbsp;<\/p>\n<p><a href=\"http:\/\/www.monteilauvicomte.fr\/?page_id=166\">retour<\/a><\/p>\n","protected":false},"excerpt":{"rendered":"<p>&nbsp; Sandra, Christelle BAYLE et St\u00e9phane, Ghyslain LAURENT se sont mari\u00e9s le 15 juillet 2015. Sandra, Teresa HOOKER et Philip, Nicholas SELL se sont mari\u00e9s le\u00a0 4 ao\u00fbt 2017 &nbsp; retour<\/p>\n","protected":false},"author":1,"featured_media":0,"parent":166,"menu_order":3,"comment_status":"closed","ping_status":"closed","template":"","meta":[],"_links":{"self":[{"href":"https:\/\/www.monteilauvicomte.fr\/index.php?rest_route=\/wp\/v2\/pages\/1443"}],"collection":[{"href":"https:\/\/www.monteilauvicomte.fr\/index.php?rest_route=\/wp\/v2\/pages"}],"about":[{"href":"https:\/\/www.monteilauvicomte.fr\/index.php?rest_route=\/wp\/v2\/types\/page"}],"author":[{"embeddable":true,"href":"https:\/\/www.monteilauvicomte.fr\/index.php?rest_route=\/wp\/v2\/users\/1"}],"replies":[{"embeddable":true,"href":"https:\/\/www.monteilauvicomte.fr\/index.php?rest_route=%2Fwp%2Fv2%2Fcomments&post=1443"}],"version-history":[{"count":7,"href":"https:\/\/www.monteilauvicomte.fr\/index.php?rest_route=\/wp\/v2\/pages\/1443\/revisions"}],"predecessor-version":[{"id":1455,"href":"https:\/\/www.monteilauvicomte.fr\/index.php?rest_route=\/wp\/v2\/pages\/1443\/revisions\/1455"}],"up":[{"embeddable":true,"href":"https:\/\/www.monteilauvicomte.fr\/index.php?rest_route=\/wp\/v2\/pages\/166"}],"wp:attachment":[{"href":"https:\/\/www.monteilauvicomte.fr\/index.php?rest_route=%2Fwp%2Fv2%2Fmedia&parent=1443"}],"curies":[{"name":"wp","href":"https:\/\/api.w.org\/{rel}","templated":true}]}}