{"id":1442,"date":"2018-03-29T14:53:40","date_gmt":"2018-03-29T12:53:40","guid":{"rendered":"http:\/\/www.monteilauvicomte.fr\/?page_id=1442"},"modified":"2018-03-29T15:37:34","modified_gmt":"2018-03-29T13:37:34","slug":"2017-2","status":"publish","type":"page","link":"https:\/\/www.monteilauvicomte.fr\/?page_id=1442","title":{"rendered":"2017"},"content":{"rendered":"<p><span style=\"font-family: 'times new roman', times, serif;\">\u00a0&#8211;\u00a0 Paulin, Edouard LECANTHE d\u00e9c\u00e9d\u00e9e 8 juillet 2017<\/span><\/p>\n<p><span style=\"font-family: 'times new roman', times, serif;\">&#8211;\u00a0 \u00a0M. Emile, Armand CAUDOUX d\u00e9c\u00e9d\u00e9 le 16 ao\u00fbt 2017 (EHPAD)<\/span><\/p>\n<p><span style=\"font-family: 'times new roman', times, serif;\">&#8211;\u00a0 Mme Louise, Suzanne DUMET, vve PASSANT d\u00e9c\u00e9d\u00e9e le 17 octobre 2017 (EHPAD)<\/span><\/p>\n<p><span style=\"font-family: 'times new roman', times, serif;\">&#8211;\u00a0 Simone, Marcelle, Fernande DUTROMPT, vve MERLE d\u00e9c\u00e9d\u00e9e le 10 novembre 2017 (EHPAD)<\/span><\/p>\n<p><span style=\"font-family: 'times new roman', times, serif;\">&#8211;\u00a0 Marie JUILLE, vve PELOIS d\u00e9c\u00e9d\u00e9e le 1er d\u00e9cembre 2017 (EHPAD)<\/span><\/p>\n<p>&nbsp;<\/p>\n<p>&nbsp;<\/p>\n<p>&nbsp;<\/p>\n<p>&nbsp;<\/p>\n<p><a href=\"http:\/\/www.monteilauvicomte.fr\/?page_id=168\">Retour<\/a><\/p>\n","protected":false},"excerpt":{"rendered":"<p>\u00a0&#8211;\u00a0 Paulin, Edouard LECANTHE d\u00e9c\u00e9d\u00e9e 8 juillet 2017 &#8211;\u00a0 \u00a0M. Emile, Armand CAUDOUX d\u00e9c\u00e9d\u00e9 le 16 ao\u00fbt 2017 (EHPAD) &#8211;\u00a0 Mme Louise, Suzanne DUMET, vve PASSANT d\u00e9c\u00e9d\u00e9e le 17 octobre 2017 (EHPAD) &#8211;\u00a0 Simone, Marcelle, Fernande DUTROMPT, vve MERLE d\u00e9c\u00e9d\u00e9e le 10 novembre 2017 (EHPAD) &#8211;\u00a0 Marie JUILLE, vve PELOIS d\u00e9c\u00e9d\u00e9e le 1er d\u00e9cembre 2017 &hellip; <a href=\"https:\/\/www.monteilauvicomte.fr\/?page_id=1442\" class=\"more-link\">Continuer la lecture de <span class=\"screen-reader-text\">2017<\/span>  <span class=\"meta-nav\">&rarr;<\/span><\/a><\/p>\n","protected":false},"author":1,"featured_media":0,"parent":168,"menu_order":4,"comment_status":"closed","ping_status":"closed","template":"","meta":[],"_links":{"self":[{"href":"https:\/\/www.monteilauvicomte.fr\/index.php?rest_route=\/wp\/v2\/pages\/1442"}],"collection":[{"href":"https:\/\/www.monteilauvicomte.fr\/index.php?rest_route=\/wp\/v2\/pages"}],"about":[{"href":"https:\/\/www.monteilauvicomte.fr\/index.php?rest_route=\/wp\/v2\/types\/page"}],"author":[{"embeddable":true,"href":"https:\/\/www.monteilauvicomte.fr\/index.php?rest_route=\/wp\/v2\/users\/1"}],"replies":[{"embeddable":true,"href":"https:\/\/www.monteilauvicomte.fr\/index.php?rest_route=%2Fwp%2Fv2%2Fcomments&post=1442"}],"version-history":[{"count":6,"href":"https:\/\/www.monteilauvicomte.fr\/index.php?rest_route=\/wp\/v2\/pages\/1442\/revisions"}],"predecessor-version":[{"id":1468,"href":"https:\/\/www.monteilauvicomte.fr\/index.php?rest_route=\/wp\/v2\/pages\/1442\/revisions\/1468"}],"up":[{"embeddable":true,"href":"https:\/\/www.monteilauvicomte.fr\/index.php?rest_route=\/wp\/v2\/pages\/168"}],"wp:attachment":[{"href":"https:\/\/www.monteilauvicomte.fr\/index.php?rest_route=%2Fwp%2Fv2%2Fmedia&parent=1442"}],"curies":[{"name":"wp","href":"https:\/\/api.w.org\/{rel}","templated":true}]}}