{"id":100,"date":"2014-12-30T15:08:25","date_gmt":"2014-12-30T14:08:25","guid":{"rendered":"http:\/\/www.monteilauvicomte.fr\/?page_id=100"},"modified":"2015-01-05T09:09:40","modified_gmt":"2015-01-05T08:09:40","slug":"terrains-a-batir","status":"publish","type":"page","link":"https:\/\/www.monteilauvicomte.fr\/?page_id=100","title":{"rendered":"Terrains \u00e0 b\u00e2tir"},"content":{"rendered":"<p>La commune met en vente du terrain \u00e0 b\u00e2tir sur plusieurs de ses parcelles au prix tr\u00e8s abordable de 3 \u20ac\/m\u00b2.<\/p>\n<p>Contactez la mairie<\/p>\n","protected":false},"excerpt":{"rendered":"<p>La commune met en vente du terrain \u00e0 b\u00e2tir sur plusieurs de ses parcelles au prix tr\u00e8s abordable de 3 \u20ac\/m\u00b2. Contactez la mairie<\/p>\n","protected":false},"author":1,"featured_media":0,"parent":97,"menu_order":9,"comment_status":"closed","ping_status":"closed","template":"","meta":[],"_links":{"self":[{"href":"https:\/\/www.monteilauvicomte.fr\/index.php?rest_route=\/wp\/v2\/pages\/100"}],"collection":[{"href":"https:\/\/www.monteilauvicomte.fr\/index.php?rest_route=\/wp\/v2\/pages"}],"about":[{"href":"https:\/\/www.monteilauvicomte.fr\/index.php?rest_route=\/wp\/v2\/types\/page"}],"author":[{"embeddable":true,"href":"https:\/\/www.monteilauvicomte.fr\/index.php?rest_route=\/wp\/v2\/users\/1"}],"replies":[{"embeddable":true,"href":"https:\/\/www.monteilauvicomte.fr\/index.php?rest_route=%2Fwp%2Fv2%2Fcomments&post=100"}],"version-history":[{"count":1,"href":"https:\/\/www.monteilauvicomte.fr\/index.php?rest_route=\/wp\/v2\/pages\/100\/revisions"}],"predecessor-version":[{"id":101,"href":"https:\/\/www.monteilauvicomte.fr\/index.php?rest_route=\/wp\/v2\/pages\/100\/revisions\/101"}],"up":[{"embeddable":true,"href":"https:\/\/www.monteilauvicomte.fr\/index.php?rest_route=\/wp\/v2\/pages\/97"}],"wp:attachment":[{"href":"https:\/\/www.monteilauvicomte.fr\/index.php?rest_route=%2Fwp%2Fv2%2Fmedia&parent=100"}],"curies":[{"name":"wp","href":"https:\/\/api.w.org\/{rel}","templated":true}]}}